{"id":82,"date":"2021-12-19T09:50:36","date_gmt":"2021-12-19T08:50:36","guid":{"rendered":"https:\/\/www.dobrasmrt.sk\/?page_id=82"},"modified":"2026-01-02T13:40:32","modified_gmt":"2026-01-02T12:40:32","slug":"12-tyzdnovy-onine-kurz-dula-duse-s-janou-gorst","status":"publish","type":"page","link":"https:\/\/www.dobrasmrt.sk\/?page_id=82","title":{"rendered":"12 &#8211; t\u00fd\u017ed\u0148ov\u00fd online kurz &#8222;Cesta duly du\u0161e&#8220;"},"content":{"rendered":"\n<p class=\"has-text-align-center\"><strong>\u010eal\u0161\u00ed term\u00edn: 12.01.2026- 30.03.2026<\/strong><\/p>\n\n\n\n<figure class=\"wp-block-image size-large\"><img loading=\"lazy\" decoding=\"async\" width=\"791\" height=\"1024\" src=\"https:\/\/www.dobrasmrt.sk\/wp-content\/uploads\/2026\/01\/cesta-duly-duse-plagat-na-web-online-1-791x1024.jpg\" alt=\"\" class=\"wp-image-1023\" srcset=\"https:\/\/www.dobrasmrt.sk\/wp-content\/uploads\/2026\/01\/cesta-duly-duse-plagat-na-web-online-1-791x1024.jpg 791w, https:\/\/www.dobrasmrt.sk\/wp-content\/uploads\/2026\/01\/cesta-duly-duse-plagat-na-web-online-1-232x300.jpg 232w, https:\/\/www.dobrasmrt.sk\/wp-content\/uploads\/2026\/01\/cesta-duly-duse-plagat-na-web-online-1-768x994.jpg 768w, https:\/\/www.dobrasmrt.sk\/wp-content\/uploads\/2026\/01\/cesta-duly-duse-plagat-na-web-online-1-1187x1536.jpg 1187w, https:\/\/www.dobrasmrt.sk\/wp-content\/uploads\/2026\/01\/cesta-duly-duse-plagat-na-web-online-1-1583x2048.jpg 1583w, https:\/\/www.dobrasmrt.sk\/wp-content\/uploads\/2026\/01\/cesta-duly-duse-plagat-na-web-online-1-scaled.jpg 1978w\" sizes=\"auto, (max-width: 791px) 100vw, 791px\" \/><\/figure>\n\n\n\n<p>Zima n\u00e1s prirodzene podporuje vo vn\u00fatornom procese. Zasadneme do kruhu, oprieme sa o&nbsp;na\u0161ich predkov a&nbsp;podporu toho, \u010do je bez Formy. \/ Boh, Vesm\u00edr, Pr\u00edrodn\u00e9 z\u00e1kony\/ Sila v\u00e4\u010d\u0161ia ako sme my.&nbsp;V&nbsp;bezpe\u010dnom kruhu budeme zdie\u013ea\u0165, a pomaly zvlieka\u0165 vrstvy po vrstve toho, \u010do m\u00e1 od\u00eds\u0165.&nbsp;Nahliadneme do Pandorinej skrinky, navn\u00edmame si vlastn\u00e9 strachy.<\/p>\n\n\n\n<ul class=\"wp-block-list\">\n<li>Vieme \u010do si prajeme, alebo naopak, ako by sme naopak nechceli od\u00eds\u0165?&nbsp;<\/li>\n\n\n\n<li>Ako za\u010da\u0165 konverz\u00e1ciu o&nbsp;\u0165a\u017ek\u00fdch t\u00e9mach s&nbsp;mojimi bl\u00edzkymi?&nbsp;<\/li>\n\n\n\n<li>\u010co je to dr\u017eanie bezpe\u010dn\u00e9ho priestoru? Ako to prebieha v&nbsp;praxi?&nbsp;<\/li>\n\n\n\n<li>Neutop\u00edm sa v&nbsp;Z\u00e1rmutku, ke\u010f t\u00fato t\u00e9mu otvor\u00edm?<\/li>\n\n\n\n<li>Posledn\u00e9 priania.<\/li>\n\n\n\n<li>Strach nielen zo smrti<\/li>\n\n\n\n<li>F\u00e1zy umierania<\/li>\n\n\n\n<li>Druhy Bolesti<\/li>\n\n\n\n<li>Pr\u00e1ca s&nbsp;Em\u00f3ciami<\/li>\n\n\n\n<li>D\u00f4stojnos\u0165, \u00facta, pokora, z\u00e1rmutok<\/li>\n\n\n\n<li>Informovan\u00fd s\u00fahlas, komunik\u00e1cia<\/li>\n\n\n\n<li>Medit\u00e1cia, dychov\u00e9 cvi\u010denia, zvuk, spev, lament, rozpr\u00e1vanie pr\u00edbehov, pr\u00e1ca cez telo<\/li>\n\n\n\n<li>Pocta sm\u00fatku ako prechodov\u00fd ritu\u00e1l <\/li>\n\n\n\n<li>Sm\u00fatok ako vyjadrenie l\u00e1sky<\/li>\n<\/ul>\n\n\n\n<p>Kurz je&nbsp; zostaven\u00fd tak , aby sme si na v\u0161etky k\u013e\u00fa\u010dov\u00e9 ot\u00e1zky, ktor\u00e9 sa pri t\u00e9me smrti vyn\u00e1raj\u00fa, najprv odpovedali sami.  Je to 12 t\u00fd\u017ed\u0148ov\u00fd intenz\u00edvny proces pon\u00e1rania sa dovn\u00fatra.&nbsp;<\/p>\n\n\n\n<p>Cena: 444 eur <\/p>\n\n\n\n<h2 class=\"wp-block-heading\">Inform\u00e1cie o kurze<\/h2>\n\n\n\n<p>Kurz prebieha v&nbsp;uzatvorenej FB skupine, kde sa t\u00fd\u017edenne stret\u00e1vame na Zoome. Stretnutia s\u00fa nahr\u00e1van\u00e9 pre \u010fal\u0161ie hlb\u0161ie ponorenie sa do t\u00e9my. Stretnutia v Zoome na\u017eivo s\u00fa v\u0161ak pr\u00ednosnej\u0161ie, preto\u017ee energiu stretnutia tvoria aj osobn\u00e9 zdie\u013eania. T\u00fd\u017edenne sa venujeme jednej t\u00e9me a&nbsp;v&nbsp;uzavretej skupine je priestor na podporu, ot\u00e1zky a&nbsp;\u010fal\u0161ie zdie\u013eanie.&nbsp;<\/p>\n\n\n\n<p>Napriek tomu, \u017ee sa dozviete mo\u017eno ve\u013ea nov\u00fdch inform\u00e1cii, tento kurz je hlavne o&nbsp;osobnej premene. O&nbsp;pre\u017eitku a&nbsp;ponore&nbsp; do h\u013abky sam\u00e9ho seba. <br>Kurz je otvoren\u00fd pre \u017eeny ako aj mu\u017eov.&nbsp;<\/p>\n\n\n\n<p>Po\u010det \u00fa\u010dastn\u00edkov je limitovan\u00fd, tak nev\u00e1haj dlho. <\/p>\n\n\n\n<p>Po ukon\u010den\u00ed kurzu \u00fa\u010dastn\u00edci z\u00edskaj\u00fa osved\u010denie o jeho absolvovan\u00ed.<\/p>\n\n\n\n<p>Prihl\u00e1s sa cez email na janagorst@dobrasmrt.sk<\/p>\n\n\n\n<p class=\"has-text-align-center\"><strong>Registra\u010dn\u00fd formul\u00e1r:<\/strong><\/p>\n\n\n\n<div class=\"wp-block-contact-form-7-contact-form-selector\">\n<div class=\"wpcf7 no-js\" id=\"wpcf7-f621-o1\" lang=\"en-US\" dir=\"ltr\" data-wpcf7-id=\"621\">\n<div class=\"screen-reader-response\"><p role=\"status\" aria-live=\"polite\" aria-atomic=\"true\"><\/p> <ul><\/ul><\/div>\n<form action=\"\/index.php?rest_route=%2Fwp%2Fv2%2Fpages%2F82#wpcf7-f621-o1\" method=\"post\" class=\"wpcf7-form init\" aria-label=\"Contact form\" novalidate=\"novalidate\" data-status=\"init\">\n<fieldset class=\"hidden-fields-container\"><input type=\"hidden\" name=\"_wpcf7\" value=\"621\" \/><input type=\"hidden\" name=\"_wpcf7_version\" value=\"6.1.5\" \/><input type=\"hidden\" name=\"_wpcf7_locale\" value=\"en_US\" \/><input type=\"hidden\" name=\"_wpcf7_unit_tag\" value=\"wpcf7-f621-o1\" \/><input type=\"hidden\" name=\"_wpcf7_container_post\" value=\"0\" \/><input type=\"hidden\" name=\"_wpcf7_posted_data_hash\" value=\"\" \/>\n<\/fieldset>\n<p><label> Meno<br \/>\n<span class=\"wpcf7-form-control-wrap\" data-name=\"your-name\"><input size=\"40\" maxlength=\"400\" class=\"wpcf7-form-control wpcf7-text wpcf7-validates-as-required\" aria-required=\"true\" aria-invalid=\"false\" value=\"\" type=\"text\" name=\"your-name\" \/><\/span> <\/label>\n<\/p>\n<p><label> Email<br \/>\n<span class=\"wpcf7-form-control-wrap\" data-name=\"your-email\"><input size=\"40\" maxlength=\"400\" class=\"wpcf7-form-control wpcf7-email wpcf7-validates-as-required wpcf7-text wpcf7-validates-as-email\" aria-required=\"true\" aria-invalid=\"false\" value=\"\" type=\"email\" name=\"your-email\" \/><\/span> <\/label>\n<\/p>\n<p><label> Telef\u00f3n<br \/>\n<span class=\"wpcf7-form-control-wrap\" data-name=\"your-subject\"><input size=\"40\" maxlength=\"400\" class=\"wpcf7-form-control wpcf7-text wpcf7-validates-as-required\" aria-required=\"true\" aria-invalid=\"false\" value=\"\" type=\"text\" name=\"your-subject\" \/><\/span> <\/label>\n<\/p>\n<p><label> Adresa<br \/>\n<span class=\"wpcf7-form-control-wrap\" data-name=\"your-message\"><textarea cols=\"40\" rows=\"10\" maxlength=\"2000\" class=\"wpcf7-form-control wpcf7-textarea\" aria-invalid=\"false\" name=\"your-message\"><\/textarea><\/span> <\/label>\n<\/p>\n<p><input class=\"wpcf7-form-control wpcf7-submit has-spinner\" type=\"submit\" value=\"Odosla\u0165\" \/>\n<\/p><p style=\"display: none !important;\" class=\"akismet-fields-container\" data-prefix=\"_wpcf7_ak_\"><label>&#916;<textarea name=\"_wpcf7_ak_hp_textarea\" cols=\"45\" rows=\"8\" maxlength=\"100\"><\/textarea><\/label><input type=\"hidden\" id=\"ak_js_1\" name=\"_wpcf7_ak_js\" value=\"206\"\/><script>\ndocument.getElementById( \"ak_js_1\" ).setAttribute( \"value\", ( new Date() ).getTime() );\n<\/script>\n<\/p><div class=\"wpcf7-response-output\" aria-hidden=\"true\"><\/div>\n<\/form>\n<\/div>\n<\/div>\n\n\n\n<hr class=\"wp-block-separator has-css-opacity\"\/>\n\n\n\n<p>Objednan\u00edm kurzu s\u00fahlas\u00edte so <a href=\"https:\/\/www.dobrasmrt.sk\/?page_id=3\" data-type=\"page\" data-id=\"3\">spracovan\u00edm osobn\u00fdch \u00fadajov<\/a> a <a href=\"https:\/\/www.dobrasmrt.sk\/?page_id=529\" data-type=\"page\" data-id=\"529\">obchodn\u00fdmi podmienkami.  <\/a><\/p>\n","protected":false},"excerpt":{"rendered":"<p>\u010eal\u0161\u00ed term\u00edn: 12.01.2026- 30.03.2026 Zima n\u00e1s prirodzene podporuje vo vn\u00fatornom procese. Zasadneme do kruhu, oprieme sa o&nbsp;na\u0161ich predkov a&nbsp;podporu toho, \u010do je bez Formy. \/ Boh, Vesm\u00edr, Pr\u00edrodn\u00e9 z\u00e1kony\/ Sila v\u00e4\u010d\u0161ia ako sme my.&nbsp;V&nbsp;bezpe\u010dnom kruhu budeme zdie\u013ea\u0165, a pomaly zvlieka\u0165 vrstvy po vrstve toho, \u010do m\u00e1 od\u00eds\u0165.&nbsp;Nahliadneme do Pandorinej skrinky, navn\u00edmame si vlastn\u00e9 strachy. Kurz [&hellip;]<\/p>\n","protected":false},"author":3,"featured_media":83,"parent":0,"menu_order":0,"comment_status":"closed","ping_status":"closed","template":"","meta":{"footnotes":""},"class_list":["post-82","page","type-page","status-publish","has-post-thumbnail","hentry"],"jetpack_sharing_enabled":true,"_links":{"self":[{"href":"https:\/\/www.dobrasmrt.sk\/index.php?rest_route=\/wp\/v2\/pages\/82","targetHints":{"allow":["GET"]}}],"collection":[{"href":"https:\/\/www.dobrasmrt.sk\/index.php?rest_route=\/wp\/v2\/pages"}],"about":[{"href":"https:\/\/www.dobrasmrt.sk\/index.php?rest_route=\/wp\/v2\/types\/page"}],"author":[{"embeddable":true,"href":"https:\/\/www.dobrasmrt.sk\/index.php?rest_route=\/wp\/v2\/users\/3"}],"replies":[{"embeddable":true,"href":"https:\/\/www.dobrasmrt.sk\/index.php?rest_route=%2Fwp%2Fv2%2Fcomments&post=82"}],"version-history":[{"count":34,"href":"https:\/\/www.dobrasmrt.sk\/index.php?rest_route=\/wp\/v2\/pages\/82\/revisions"}],"predecessor-version":[{"id":1025,"href":"https:\/\/www.dobrasmrt.sk\/index.php?rest_route=\/wp\/v2\/pages\/82\/revisions\/1025"}],"wp:featuredmedia":[{"embeddable":true,"href":"https:\/\/www.dobrasmrt.sk\/index.php?rest_route=\/wp\/v2\/media\/83"}],"wp:attachment":[{"href":"https:\/\/www.dobrasmrt.sk\/index.php?rest_route=%2Fwp%2Fv2%2Fmedia&parent=82"}],"curies":[{"name":"wp","href":"https:\/\/api.w.org\/{rel}","templated":true}]}}