{"id":529,"date":"2024-08-01T10:40:00","date_gmt":"2024-08-01T08:40:00","guid":{"rendered":"https:\/\/www.dobrasmrt.sk\/?page_id=529"},"modified":"2024-08-06T16:33:17","modified_gmt":"2024-08-06T14:33:17","slug":"vseobecne-obchodne-podmienky","status":"publish","type":"page","link":"https:\/\/www.dobrasmrt.sk\/?page_id=529","title":{"rendered":"V\u0161eobecn\u00e9 obchodn\u00e9 podmienky"},"content":{"rendered":"\n<p><strong>I.\u00a0\u00davodn\u00e9 ustanovenia<\/strong><br><br>Prev\u00e1dzkovate\u013eom webstr\u00e1nky http:\/\/www.dobrasmrt.sk\/ je spolo\u010dnos\u0165 Jana Gorst &#8211; Dula Du\u0161e, so s\u00eddlom 321 Hybe, 032 31 Hybe, Slovensko,<br>IC\u030cO: 53992563, DIC\u030c: 1083106948 (d\u030calej len \u201cPrev\u00e1dzkovatel\u030c\u201d alebo \u201cSpoloc\u030cnost\u030c\u201d), ktor\u00e1 t\u00fdmto vyd\u00e1va tieto V\u0161eobecn\u00e9 obchodn\u00e9 podmienky<br>u\u017e\u00edvania menovan\u00fdch port\u00e1lov (\u010falej len \u201eVOP\u201c).<br><br>Predmetom VOP je ur\u010denie vz\u00e1jomn\u00fdch pr\u00e1v a povinnost\u00ed prev\u00e1dzkovate\u013ea a u\u017e\u00edvate\u013ea (poskytovate\u013ea slu\u017eieb a z\u00e1kazn\u00edka) port\u00e1lov vypl\u00fdvaj\u00facich z pr\u00e1vneho vz\u0165ahu medzi prev\u00e1dzkovate\u013eom a u\u017e\u00edvate\u013eom port\u00e1lov pri u\u017e\u00edvan\u00ed port\u00e1lov a vyu\u017e\u00edvan\u00ed ich slu\u017eieb. N\u00e1kupom slu\u017eieb cez port\u00e1ly a ich u\u017e\u00edvan\u00edm u\u017e\u00edvate\u013e s\u00fahlas\u00ed so znen\u00edm t\u00fdchto VOP, \u010d\u00edm prehlasuje, \u017ee sa s<br>VOP riadne obozn\u00e1mil, ich obsahu porozumel, a na znak s\u00fahlasu s ich obsahom sa zav\u00e4zuje ich dodr\u017eiava\u0165 pri u\u017e\u00edvan\u00ed port\u00e1lov a vyu\u017e\u00edvan\u00ed ich slu\u017eieb.<\/p>\n\n\n\n<p><strong>II. Z\u00e1kladn\u00e9 pojmy<\/strong><br><br>Prev\u00e1dzkovate\u013e \u2013 Prev\u00e1dzkovate\u013eom webstr\u00e1nky http:\/\/www.dobrasmrt.sk\/ je spolo\u010dnos\u0165 Jana Gorst &#8211; Dula Du\u0161e, so s\u00eddlom 321 Hybe, 032 31 Hybe, Slovensko, IC\u030cO: 53992563, DIC\u030c: 1083106948<\/p>\n\n\n\n<p><strong>Prev\u00e1dzkovate\u013e <\/strong>vlastn\u00ed port\u00e1l a zabezpe\u010duje jeho riadne fungovanie vykon\u00e1van\u00edm \u010dinnosti administr\u00e1tora, ako aj spr\u00edstup\u0148uje port\u00e1l u\u017e\u00edvate\u013eom a registrovan\u00fdm u\u017e\u00edvate\u013eom ako priestor na komunik\u00e1ciu, preh\u013ead a n\u00e1kup slu\u017eieb.<br><br><strong>Poskytovate\u013e slu\u017eby <\/strong>&#8211; je toto\u017en\u00fd s\u00a0pojmom \u201cPrev\u00e1dzkovate\u013e\u201d.<br><br><strong>Slu\u017eba \u2013<\/strong> predmet \u010dinnos\u0165 poskytovanej prev\u00e1dzkovate\u013eom z\u00e1kazn\u00edkom, najm\u00e4:<br>Sprev\u00e1dzanie umieraj\u00facich a ich rodinn\u00fdch pr\u00edslu\u0161n\u00edkov<br>Vzdel\u00e1vanie z\u00e1ujemcov z radov \u0161ir\u0161ej verejnosti<br>Vzdel\u00e1vanie z\u00e1ujemcov z radov odbornej verejnosti<br><br><strong>Z\u00e1kazn\u00edk \u2013<\/strong> je u\u017e\u00edvate\u013e, ktor\u00fd vyu\u017e\u00edva v\u0161etky slu\u017eby port\u00e1lu na \u00fa\u010dely uspokojenia svojich potrieb alebo potrieb vypl\u00fdvaj\u00facich z jeho pracovn\u00fdch povinnost\u00ed, a to najm\u00e4 t\u00fdm, \u017ee kontaktuje poskytovate\u013ea slu\u017eby, po\u017eaduje podrobnej\u0161ie inform\u00e1cie a\/ alebo nakupuje slu\u017eby, o ktor\u00e9 m\u00e1<br>z\u00e1ujem.<br><br><strong>Port\u00e1l \u2013<\/strong> web str\u00e1nka www.dobrasmrt.sk, prostredn\u00edctvom ktorej prev\u00e1dzkovate\u013e umo\u017e\u0148uje z\u00e1kazn\u00edkovi n\u00e1h\u013ead do rozsahu slu\u017eieb, noviniek a udalost\u00ed prev\u00e1dzkovate\u013ea, vr\u00e1tane mo\u017enosti kontaktova\u0165 poskytovate\u013ea slu\u017eieb a nakupova\u0165 slu\u017eby na objedn\u00e1vku a fakt\u00faru.<br><br>V\u0161eobecn\u00e9 obchodn\u00e9 podmienky (\u010falej len ,,VOP\u201c) \u2013 predmetom t\u00fdchto VOP je \u00faprava obsahu zmluvn\u00e9ho vz\u0165ahu zalo\u017een\u00e9ho medzi prev\u00e1dzkovate\u013eom a z\u00e1kazn\u00edkom, pri pou\u017e\u00edvan\u00ed port\u00e1lu a vyu\u017e\u00edvan\u00ed jeho slu\u017eieb, predov\u0161etk\u00fdm pr\u00e1v a povinnost\u00ed prev\u00e1dzkovate\u013ea, poskytovate\u013ea slu\u017eby a z\u00e1kazn\u00edka v oblasti pou\u017e\u00edvania port\u00e1lu, ochrany osobn\u00fdch \u00fadajov a autorsk\u00fdch pr\u00e1v.<br><br><strong>Cenn\u00edk \u2013 <\/strong>Poskytovate\u013e slu\u017eby zverej\u0148uje aktu\u00e1lne ceny za n\u00edm poskytovan\u00e9 slu\u017eby pri popisoch jednotliv\u00fdch slu\u017eieb alebo s\u00fa predmetom dohody s jednotliv\u00fdmi z\u00e1kazn\u00edkmi.<\/p>\n\n\n\n<p><strong>III. Zmluvn\u00fd vz\u0165ah medzi prev\u00e1dzkovate\u013eom a&nbsp;z\u00e1kazn\u00edkom<\/strong><br><br>Zmluvn\u00fd vz\u0165ah medzi prev\u00e1dzkovate\u013eom a&nbsp;z\u00e1kazn\u00edkom vznik\u00e1:<br>ods\u00fahlasen\u00edm objedn\u00e1vky zaslanej z\u00e1kazn\u00edkom prev\u00e1dzkovate\u013eovi prostredn\u00edctvom e-mailu, registr\u00e1ciou z\u00e1kazn\u00edka na podujatie napr\u00edklad registr\u00e1ciou prostredn\u00edctvom google formul\u00e1ra, resp.mailchimp formul\u00e1ra,<br>v\u00fdnimo\u010dne dohodou o&nbsp;objedn\u00e1vke telefonicky.<br>Zmluvn\u00fd vz\u0165ah nevznik\u00e1 na z\u00e1klade komunik\u00e1cie cez aplik\u00e1ciu messenger, whatsapp alebo in\u00e9 podobn\u00e9 komunika\u010dn\u00e9 kan\u00e1ly.<br><br>Objedn\u00e1vka mus\u00ed obsahova\u0165 nasledovn\u00e9 \u00fadaje o objedn\u00e1vate\u013eovi:<br>Meno a&nbsp;priezvisko<br>E-mail<br>Telef\u00f3nne \u010d\u00edslo<br>V&nbsp;pr\u00edpade spolo\u010dnosti n\u00e1zov a&nbsp;I\u010cO spolo\u010dnosti<br>N\u00e1zov alebo slu\u017eby<br>Cena<br>Term\u00edn plnenia<br>In\u00e9: lokalita, poskytnut\u00e9 zdroje, po\u010det hod\u00edn\/ \u00fa\u010dastn\u00edkov a pod.<br><br>Zmluva, na z\u00e1klade ktorej vznik\u00e1 zmluvn\u00fd vz\u0165ah medzi prev\u00e1dzkovate\u013eom a&nbsp;z\u00e1kazn\u00edkom sa uzatv\u00e1ra na dobu ur\u010dit\u00fa, t. j. na dobu trvania Slu\u017eby poskytovanej prev\u00e1dzkovate\u013eom z\u00e1kazn\u00edkom na z\u00e1klade objedn\u00e1vky z\u00e1kazn\u00edka.<br>Objedn\u00e1vka potvrden\u00e1 prev\u00e1dzkovate\u013eom je z\u00e1v\u00e4zn\u00e1 pre obe zmluvn\u00e9 strany, t. j. prev\u00e1dzkovate\u013ea aj z\u00e1kazn\u00edka, pri\u010dom zmenen\u00e1 m\u00f4\u017ee by\u0165 iba na z\u00e1klade vz\u00e1jomnej dohody zmluvn\u00fdch str\u00e1n.<br>Zmluva zanik\u00e1 poskytnut\u00edm slu\u017eby prev\u00e1dzkovate\u013eom z\u00e1kazn\u00edkovi. Pred t\u00fdmto d\u00e1tumom m\u00f4\u017ee zmluva zanikn\u00fa\u0165:<br>P\u00edsomnou dohodou zmluvn\u00fdch str\u00e1n Odst\u00fapen\u00edm od zmluvy, resp. stornom objedn\u00e1vky (bod VII t\u00fdchto VOP).<\/p>\n\n\n\n<p><strong>IV. Ochrana osobn\u00fdch \u00fadajov<\/strong><br><br>Inform\u00e1cie o ochrane osobn\u00fdch \u00fadajov s\u00fa uveden\u00e9 v osobitnom dokumente dostupnom na port\u00e1li prev\u00e1dzkovate\u013ea.<\/p>\n\n\n\n<p><strong>V. Cena slu\u017eieb a platobn\u00e9 podmienky<\/strong><br><br>Cenov\u00e1 ponuka je vypracovan\u00e1 z\u00e1kazn\u00edkovi individu\u00e1lne na mieru.<br>Za slu\u017eby z\u00e1kazn\u00edk plat\u00ed prevodom na \u00fa\u010det, a to na z\u00e1klade fakt\u00fary, ktor\u00e1 mu je vystaven\u00e1 v de\u0148 plnenia, najnesk\u00f4r v\u0161ak v posledn\u00fd de\u0148 kalend\u00e1rneho mesiaca, v ktorom ku poskytnutiu slu\u017eby do\u0161lo.<br>Objedn\u00e1vka vykonan\u00e1 pod\u013ea \u010dl\u00e1nku III. je z\u00e1v\u00e4zn\u00fdm dokumentom opr\u00e1v\u0148uj\u00faci prev\u00e1dzkovate\u013ea ku po\u017eadovaniu \u00fahrady v dohodnutom \u010dase, ako aj z\u00e1kazn\u00edka ku po\u017eadovaniu dodania objednanej slu\u017eby v dohodnutom \u010dase, rozsahu a kvalite.<br>Term\u00edn splatnosti fakt\u00fary je 14 dn\u00ed. V s\u00falade s po\u017eiadavkami z\u00e1kazn\u00edka je term\u00edn splatnosti fakt\u00fary mo\u017en\u00e9 dohodn\u00fa\u0165 aj inak.<br>V&nbsp;pr\u00edpade ome\u0161kania s&nbsp;platbou za poskytnut\u00fa slu\u017ebu viac ako 7 dn\u00ed, je z\u00e1kazn\u00edk povinn\u00fd zaplati\u0165 0,05% denne z ceny (v EUR) poskytnutej slu\u017eby. <\/p>\n\n\n\n<p><strong>VI. Reklam\u00e1cie, z\u013eavy a storno podmienky<\/strong><br><br><strong>Reklam\u00e1cie<\/strong><br>Reklam\u00e1cia slu\u017eby mus\u00ed obsahova\u0165 v\u017edy konkr\u00e9tny a vecn\u00fd popis reklamovanej skuto\u010dnosti.<br>Prev\u00e1dzkovate\u013e sa zav\u00e4zuje ozn\u00e1mi\u0165 v\u00fdsledok vybavenia reklam\u00e1cie do 30 dn\u00ed odo d\u0148a je prevzatia.<br>Reklam\u00e1ciu je mo\u017en\u00e9 vykona\u0165 prostredn\u00edctvom e-mailu na e-mailov\u00fa adresu prev\u00e1dzkovate\u013ea, a to do 14 dn\u00ed do d\u0148a dodania slu\u017eby.<br>V&nbsp;pr\u00edpade opodstatnenej a&nbsp;prev\u00e1dzkovate\u013eom uznanej reklam\u00e1cie sa prev\u00e1dzkovate\u013e a&nbsp;z\u00e1kazn\u00edk individu\u00e1lne dohodn\u00fa na n\u00e1hrade reklamovanej slu\u017eby, resp. \u010fal\u0161om postupe.<br><br><strong>Z\u013eavy<\/strong><br>Z\u013eavy je mo\u017en\u00e9 uplat\u0148ova\u0165 len a v\u00fdhradne v zmysle aktu\u00e1lnych inform\u00e1cii na port\u00e1li.<br>Posledn\u00fdm d\u0148om na uplatnenie z\u013eavy je d\u00e1tum uveden\u00fd ako \u201cPlat\u00ed do\u201d, vr\u00e1tane uveden\u00e9ho d\u00e1tumu.<br>Za uplatnenie z\u013eavy mo\u017eno pova\u017eova\u0165 aj objedn\u00e1vku v danej lehote.<br>Poskytovate\u013e nepreber\u00e1 zodpovednos\u0165 za nevyu\u017eitie zak\u00fapenej z\u013eavy z\u00e1kazn\u00edkom, ktor\u00e9mu t\u00fdmto n\u00e1rok na z\u013eavu prepad\u00e1.<br><br><strong>Odst\u00fapenie od zmluvy, resp. Storno objedn\u00e1vky: Firemn\u00ed klienti<\/strong><br>Storno objedn\u00e1vky pri konferenci\u00e1ch, predn\u00e1\u0161kach, semin\u00e1roch, kurzoch, workshopoch a tr\u00e9ningoch, \u010di in\u00fdch podobn\u00fdch slu\u017eb\u00e1ch, pri ktor\u00fdch poskytovate\u013e zabezpe\u010duje priestory, technick\u00e9 z\u00e1zemie a ob\u010derstvenie a\/ alebo&nbsp;vykon\u00e1va pr\u00edpravn\u00fa \u010dinnos\u0165 s\u00favisiacu s dodan\u00edm objednanej slu\u017eby je&nbsp;\u00fa\u010dtovan\u00fd vo v\u00fd\u0161ke 50% z dojednanej \u010diastky.&nbsp;<br><br>V pr\u00edpade, \u017ee bude objedn\u00e1vka stornovan\u00e1 menej ako 3 kalend\u00e1rne dni pre term\u00ednom realiz\u00e1cie, a nebude dohodnut\u00fd n\u00e1hradn\u00fd term\u00edn, storno poplatok bude nav\u00fd\u0161en\u00fd o 25% z dohodnutej sumy objedn\u00e1vky.&nbsp;Pre odst\u00fapenie od zmluvy platia pr\u00edslu\u0161n\u00e9ho ustanovenia platn\u00fdch pr\u00e1vnych predpisov<br>Slovenskej republiky.<br><br><strong>Odst\u00fapenie od zmluvy, resp. Storno objedn\u00e1vky: Individu\u00e1lni klienti<\/strong><br>Storno objedn\u00e1vky pri konferenci\u00e1ch, predn\u00e1\u0161kach, semin\u00e1roch, kurzoch, workshopoch a tr\u00e9ningoch, \u010di in\u00fdch podobn\u00fdch slu\u017eb\u00e1ch, pri ktor\u00fdch poskytovate\u013e zabezpe\u010duje priestory, technick\u00e9 z\u00e1zemie a ob\u010derstvenie a\/ alebo&nbsp;vykon\u00e1va pr\u00edpravn\u00fa \u010dinnos\u0165 s\u00favisiacu s dodan\u00edm objednanej<br>slu\u017eby je&nbsp;\u00fa\u010dtovan\u00fd vo v\u00fd\u0161ke 50% z ceny podujatia.&nbsp; <br><br>Storno objedn\u00e1vky pri individu\u00e1lnych slu\u017eb\u00e1ch sprev\u00e1dzania je bezplatn\u00e9 pri p\u00edsomnom alebo telefonickom odhl\u00e1sen\u00ed sa: 24 hod\u00edn pred \u010derpan\u00edm slu\u017eby v rannom term\u00edne do 9:30 r\u00e1no v de\u0148 \u010derpania slu\u017eby v popolud\u0148aj\u0161om term\u00edne. V pr\u00edpade, \u017ee z\u00e1kazn\u00edk nezru\u0161\u00ed term\u00edn v\u010das, a nebude splnen\u00e1 podmienka vis major alebo in\u00e9,&nbsp;nez\u00e1visl\u00e9 &nbsp;od jeho v\u00f4le a&nbsp;konania nepredv\u00eddate\u013en\u00e9 okolnosti ako ochorenie, nevyhnutn\u00e1 starostlivos\u0165 o bl\u00edzku alebo zveren\u00fa osobu, tak si prev\u00e1dzkovate\u013e uplat\u0148uje 100% storno poplatok.&nbsp;<br><br><strong>Storno objedn\u00e1vky prev\u00e1dzkovate\u013eom<\/strong><br>Prev\u00e1dzkovate\u013e je v&nbsp;pr\u00edpade technick\u00fdch pr\u00ed\u010din a&nbsp;alebo in\u00fdch pr\u00ed\u010din (nez\u00e1visl\u00fdch od jeho v\u00f4le a&nbsp;konania) opr\u00e1vnen\u00fd odst\u00fapi\u0165 od zmluvy (stornova\u0165 objedn\u00e1vku). Prev\u00e1dzkovate\u013e je v&nbsp;takomto pr\u00edpade povinn\u00fd upovedomi\u0165 o&nbsp;tom z\u00e1kazn\u00edka v&nbsp;\u010do najkrat\u0161om<br>mo\u017enom \u010dase. Z\u00e1rove\u0148 je prev\u00e1dzkovate\u013e povinn\u00fd dohodn\u00fa\u0165 si \u010fal\u0161\u00ed postup so z\u00e1kazn\u00edkom v&nbsp;pr\u00edpade storna objedn\u00e1vky (vr\u00e1tenie uhradenej sumy za slu\u017eby, pr\u00edpadne n\u00e1hradn\u00e9 poskytnutie slu\u017eby a&nbsp;pod.).<br>Forma (p\u00edsomn\u00e1 alebo \u00fastna) dohody je ponechan\u00e1 na prev\u00e1dzkovate\u013eovi a&nbsp;z\u00e1kazn\u00edkovi. V&nbsp;pr\u00edpade, \u017ee prev\u00e1dzkovate\u013e u\u017e prijal za slu\u017ebu \u010das\u0165 alebo cel\u00fa odmenu, je povinn\u00fd vr\u00e1ti\u0165 t\u00fato \u010diastku do 14 dn\u00ed odo d\u0148a ozn\u00e1menia z\u00e1kazn\u00edkovi, \u017ee odstupuje od objedn\u00e1vky.<\/p>\n\n\n\n<p><strong>VII. Z\u00e1vere\u010dn\u00e9 ustanovenia<\/strong><br><br>Pr\u00e1vne vz\u0165ahy medzi prev\u00e1dzkovate\u013eom a u\u017e\u00edvate\u013eom (poskytovate\u013eom slu\u017eby a z\u00e1kazn\u00edkom) neupraven\u00e9 t\u00fdmito VOP sa spravuj\u00fa v\u0161eobecne z\u00e1v\u00e4zn\u00fdmi pr\u00e1vnymi predpismi Slovenskej republiky, najm\u00e4:<br><br>Z\u00e1kon \u010d. 18\/2018 Z. z. o&nbsp;ochrane osobn\u00fdch \u00fadajov v&nbsp;znen\u00ed neskor\u0161\u00edch pr\u00e1vnych predpisov,<br>Z\u00e1kon \u010d. 40\/1964 Zb. Ob\u010diansky z\u00e1konn\u00edk v&nbsp;znen\u00ed neskor\u0161\u00edch pr\u00e1vnych predpisov,<br>Z\u00e1kon \u010d. 250\/2007 Z. z. o&nbsp;ochrane spotrebite\u013ea v&nbsp;znen\u00ed neskor\u0161\u00edch pr\u00e1vnych predpisov,<br>Z\u00e1kon \u010d. 351\/2011 Z. z. o&nbsp;elektronick\u00fdch komunik\u00e1ci\u00e1ch v&nbsp;znen\u00ed neskor\u0161\u00edch pr\u00e1vnych predpisov,<br>Z\u00e1kon \u010d. 128\/2002 Z. z. o&nbsp;\u0161t\u00e1tnej kontrole vn\u00fatorn\u00e9ho trhu vo veciach ochrany spotrebite\u013ea v&nbsp;znen\u00ed<br>neskor\u0161\u00edch pr\u00e1vnych predpisov,<br>Z\u00e1kon \u010d. 250\/2007 Z. z. o&nbsp;ochrane spotrebite\u013ea a&nbsp;o&nbsp;zmene Z\u00e1kona Slovenskej n\u00e1rodnej rady \u010d. 372\/1990 Zb. o&nbsp;priestupkoch v&nbsp;znen\u00ed neskor\u0161\u00edch predpisov,<br>Z\u00e1kon \u010d. 513\/1991 Zb. Obchodn\u00fd z\u00e1konn\u00edk (pr\u00e1vne vz\u0165ahy medzi pred\u00e1vaj\u00facim a&nbsp;kupuj\u00facim, ktor\u00fd nie je spotrebite\u013eom, ktor\u00e9 nie s\u00fa upraven\u00e9 v&nbsp;t\u00fdchto v\u0161eobecn\u00fdch obchodn\u00fdch podmienkach, sa spravuj\u00fa ustanoveniami pr\u00edslu\u0161n\u00fdch pr\u00e1vnych predpisov, najm\u00e4 ustanoveniami Obchodn\u00e9ho<br>z\u00e1konn\u00edka).<br>Z\u00e1kon \u010d. 185\/2015 Z. z. Autorsk\u00fd z\u00e1kon v&nbsp;znen\u00ed neskor\u0161\u00edch pr\u00e1vnych predpisov,<br>Z\u00e1kon \u010d. 122\/2013 Z. z. o&nbsp;ochrane osobn\u00fdch \u00fadajov v&nbsp;znen\u00ed neskor\u0161\u00edch pr\u00e1vnych predpisov P\u00edsomnou dohodou (zmluvou) medzi prev\u00e1dzkovate\u013eom a&nbsp;z\u00e1kazn\u00edkom sa m\u00f4\u017eu zmluvn\u00e9 strany dohodn\u00fa\u0165 odchylne od ustanoven\u00ed VOP. V&nbsp;pr\u00edpade rozporu zmluvy a&nbsp;VOP, maj\u00fa prednos\u0165 zmluvn\u00e9<br>ustanovenia.<br><br>Zmluvn\u00e9 vz\u0165ahy sa spravuj\u00fa v&nbsp;VOP \u00fa\u010dinn\u00fdmi v&nbsp;\u010dase vzniku tohto vz\u0165ahu.<br><br>Prev\u00e1dzkovate\u013e si vyhradzuje pr\u00e1vo na zmenu a&nbsp;dop\u013a\u0148anie VOP, pri\u010dom o&nbsp;zmen\u00e1ch bezodkladne informuje z\u00e1kazn\u00edkov, a&nbsp;to uverejnen\u00edm ich aktualizovan\u00e9ho znenia na web str\u00e1nke. Uverejnen\u00edm nov\u00fdch VOP p\u00f4vodn\u00e9 str\u00e1caj\u00fa platnos\u0165.<br><br>Uzavret\u00edm zmluvy prev\u00e1dzkovate\u013eom a&nbsp;z\u00e1kazn\u00edkom d\u00e1va z\u00e1kazn\u00edk s\u00fahlas s&nbsp;t\u00fdmito VOP, ako aj s&nbsp;Podmienkami pou\u017e\u00edvania a&nbsp;Z\u00e1sadami na ochranu osobn\u00fdch \u00fadajov (oba dokumenty zverejnen\u00e9 na web str\u00e1nke prev\u00e1dzkovate\u013ea). <br><br>Tieto VOP nadob\u00fadaj\u00fa \u00fa\u010dinnos\u0165 d\u0148om zverejnenia.<br><br>Posledn\u00e1 aktualiz\u00e1cia: 2.8.2021<\/p>\n","protected":false},"excerpt":{"rendered":"<p>I.\u00a0\u00davodn\u00e9 ustanovenia Prev\u00e1dzkovate\u013eom webstr\u00e1nky http:\/\/www.dobrasmrt.sk\/ je spolo\u010dnos\u0165 Jana Gorst &#8211; Dula Du\u0161e, so s\u00eddlom 321 Hybe, 032 31 Hybe, Slovensko,IC\u030cO: 53992563, DIC\u030c: 1083106948 (d\u030calej len \u201cPrev\u00e1dzkovatel\u030c\u201d alebo \u201cSpoloc\u030cnost\u030c\u201d), ktor\u00e1 t\u00fdmto vyd\u00e1va tieto V\u0161eobecn\u00e9 obchodn\u00e9 podmienkyu\u017e\u00edvania menovan\u00fdch port\u00e1lov (\u010falej len \u201eVOP\u201c). Predmetom VOP je ur\u010denie vz\u00e1jomn\u00fdch pr\u00e1v a povinnost\u00ed prev\u00e1dzkovate\u013ea a u\u017e\u00edvate\u013ea (poskytovate\u013ea slu\u017eieb a z\u00e1kazn\u00edka) [&hellip;]<\/p>\n","protected":false},"author":3,"featured_media":0,"parent":0,"menu_order":0,"comment_status":"closed","ping_status":"closed","template":"","meta":{"footnotes":""},"class_list":["post-529","page","type-page","status-publish","hentry"],"jetpack_sharing_enabled":true,"_links":{"self":[{"href":"https:\/\/www.dobrasmrt.sk\/index.php?rest_route=\/wp\/v2\/pages\/529","targetHints":{"allow":["GET"]}}],"collection":[{"href":"https:\/\/www.dobrasmrt.sk\/index.php?rest_route=\/wp\/v2\/pages"}],"about":[{"href":"https:\/\/www.dobrasmrt.sk\/index.php?rest_route=\/wp\/v2\/types\/page"}],"author":[{"embeddable":true,"href":"https:\/\/www.dobrasmrt.sk\/index.php?rest_route=\/wp\/v2\/users\/3"}],"replies":[{"embeddable":true,"href":"https:\/\/www.dobrasmrt.sk\/index.php?rest_route=%2Fwp%2Fv2%2Fcomments&post=529"}],"version-history":[{"count":12,"href":"https:\/\/www.dobrasmrt.sk\/index.php?rest_route=\/wp\/v2\/pages\/529\/revisions"}],"predecessor-version":[{"id":585,"href":"https:\/\/www.dobrasmrt.sk\/index.php?rest_route=\/wp\/v2\/pages\/529\/revisions\/585"}],"wp:attachment":[{"href":"https:\/\/www.dobrasmrt.sk\/index.php?rest_route=%2Fwp%2Fv2%2Fmedia&parent=529"}],"curies":[{"name":"wp","href":"https:\/\/api.w.org\/{rel}","templated":true}]}}