{"id":3,"date":"2021-03-14T11:07:44","date_gmt":"2021-03-14T10:07:44","guid":{"rendered":"https:\/\/www.dobrasmrt.sk\/?page_id=3"},"modified":"2024-12-28T12:53:26","modified_gmt":"2024-12-28T11:53:26","slug":"ochrana-sukromia","status":"publish","type":"page","link":"https:\/\/www.dobrasmrt.sk\/?page_id=3","title":{"rendered":"Z\u00e1sady ochrany osobn\u00fdch \u00fadajov"},"content":{"rendered":"\n<p>Prev\u00e1dzkovate\u013eom webstr\u00e1nky http:\/\/www.dobrasmrt.sk\/ je spolo\u010dnos\u0165 Jana Gorst &#8211; Dula Du\u0161e, so s\u00eddlom 321 Hybe, 032 31 Hybe, Slovensko, <br>IC\u030cO: 53992563, DIC\u030c: 1083106948 (d\u030calej len \u201cPrev\u00e1dzkovatel\u030c\u201d alebo \u201cSpoloc\u030cnost\u030c\u201d).<\/p>\n\n\n\n<p><strong>Ako z\u00edskavame va\u0161e \u00fadaje<\/strong><br>Va\u0161e osobn\u00e9 \u00fadaje naj\u010dastej\u0161ie z\u00edskavame priamo od v\u00e1s tak, \u017ee n\u00e1s kontaktujete prostredn\u00edctvom kontaktn\u00e9ho formul\u00e1ra, pr\u00edpadne telefonicky \u010di e-mailom.<br><\/p>\n\n\n\n<figure class=\"wp-block-table\"><table class=\"has-fixed-layout\"><tbody><tr><td><strong>\u00da\u010del<\/strong><\/td><td><strong>Pr\u00e1vny z\u00e1klad<\/strong><\/td><td><strong>Informa\u010dn\u00fd syst\u00e9m<\/strong><\/td><\/tr><tr><td>Kontakt a komunik\u00e1cia s Z\u00e1kazn\u00edkmi<\/td><td>GDPR \u010dl. 6, ods. 1 (b)<\/td><td>Z\u00e1kazn\u00edci<\/td><\/tr><tr><td>Cenov\u00e1 ponuka<\/td><td>GDPR \u010dl. 6, ods. 1 (b)<\/td><td>Z\u00e1kazn\u00edci<\/td><\/tr><tr><td>Uzatv\u00e1ranie zml\u00fav so z\u00e1kazn\u00edkmi<\/td><td>GDPR \u010dl. 6, ods. 1 (b)<\/td><td>Z\u00e1kazn\u00edci<\/td><\/tr><tr><td>Poskytovanie slu\u017eieb (sprev\u00e1dzanie,<br>vzdel\u00e1vanie)<\/td><td>GDPR \u010dl. 6, ods. 1 (b)<\/td><td>Slu\u017eby<\/td><\/tr><tr><td>Fakt\u00faracia<\/td><td>GDPR \u010dl. 6, ods. 1 (b)<\/td><td>\u00da\u010dtovn\u00edctvo<\/td><\/tr><tr><td>Prezent\u00e1cia slu\u017eieb a budovanie zna\u010dky v<br>online prostred\u00ed<\/td><td>GDPR \u010dl. 6, ods. 1 (f)<\/td><td>Web a soci\u00e1lne siete<\/td><\/tr><tr><td>Referencie<\/td><td>GDPR \u010dl. 6, ods. 1 (a)<\/td><td>Marketing<\/td><\/tr><tr><td>Fotografie<\/td><td>GDPR \u010dl. 6, ods. 1 (a)<\/td><td>Marketing<\/td><\/tr><tr><td>Ponuka slu\u017eieb<\/td><td>GDPR \u010dl. 6, ods. 1 (a)<\/td><td>Mailing<\/td><\/tr><\/tbody><\/table><\/figure>\n\n\n\n<p><strong>1. Sprac\u00favanie osobn\u00fdch \u00fadajov z\u00e1ujemcov o inform\u00e1cie<\/strong><br><br>V pr\u00edpade, \u017ee sa rozhodnete n\u00e1s kontaktova\u0165 ak\u00fdmko\u013evek sp\u00f4sobom, bud\u00fa va\u0161e osobn\u00e9 \u00fadaje v rozsahu meno, priezvisko, telef\u00f3nne \u010d\u00edslo, e-mail a ostatn\u00e9 vami poskynut\u00e9 \u00fadaje sprac\u00favan\u00e9 pre \u00fa\u010dely komunik\u00e1cie s vami. Va\u0161e \u00fadaje budeme sprac\u00fava\u0165 po dobu 12 mesiacov. K tomuto sprac\u00favaniu m\u00e1me pr\u00e1vny z\u00e1klad stanoven\u00fd GDPR 6, ods.1, p\u00edsm. b), sprac\u00favanie na \u00fa\u010dely predzmluvn\u00fdch a zmluvn\u00fdch vz\u0165ahov.<\/p>\n\n\n\n<p><strong>2. Sprac\u00favanie osobn\u00fdch \u00fadajov z\u00e1kazn\u00edkov a dod\u00e1vate\u013eov<\/strong><br>Osobn\u00e9 \u00fadaje z\u00e1kazn\u00edkov a zamestnancov na\u0161ich z\u00e1kazn\u00edkov, sprac\u00favame v<br>maxim\u00e1lnom rozsahu rozsahu meno, priezvisko, telef\u00f3nne \u010d\u00edslo, e-mail, pracovn\u00e1 poz\u00edcia, adresa zamestn\u00e1vate\u013ea, fakt\u00fara\u010dn\u00e1 adresa. Tieto va\u0161e \u00fadaje s\u00fa sprac\u00favan\u00e9 na \u00fa\u010dely plnenia zmluvn\u00fdch z\u00e1v\u00e4zkov v zmysle GDPR <br>\u010dl. 6, ods. 1, p\u00edsm. b)<\/p>\n\n\n\n<p><strong>3.In\u00e9 \u00fa\u010dely sprac\u00favania osobn\u00fdch \u00fadajov<\/strong><br><br><strong>Sprac\u00favanie na z\u00e1klade s\u00fahlasu<\/strong><br><br>Na z\u00e1klade v\u00e1\u0161ho s\u00fahlasu (GDPR \u010dl. 6, ods. 1, p\u00edsm. A) budeme zhotovova\u0165 a<br>zverej\u0148ova\u0165 fotografie zo vzdel\u00e1vac\u00edch a in\u00fdch podujat\u00ed. Rovnako tak m\u00f4\u017eu by\u0165 va\u0161e osobn\u00e9 \u00fadaje zverejnen\u00e9 v pr\u00edpade, \u017ee poskytnete Prev\u00e1dzkovate\u013eovi referenciu. V\u00e1\u0161 s\u00fahlas bude potrebn\u00fd aj v pr\u00edpade, ak budete ma\u0165 z\u00e1ujem dost\u00e1va\u0165 od n\u00e1s novinky o podujatiach a kurzoch. Ka\u017ed\u00fd s\u00fahlas, ktor\u00fd n\u00e1m d\u00e1te, m\u00f4\u017eete kedyko\u013evek slobodne odvola\u0165, najlep\u0161ie zaslan\u00edm e-mailu na janagorst@dobrasmrt.sk<br>Va\u0161ej \u017eiadosti nezodkladne vyhovieme.<br><br><strong>Sprac\u00favanie pre opr\u00e1vnen\u00e9 z\u00e1ujmy n\u00e1s ako Prev\u00e1dzkovate\u013ea<\/strong><br><br>Na\u0161im opr\u00e1vnen\u00fdm z\u00e1ujmom v zmyse GDPR \u010dl. 6, ods. 1., p\u00edsm. f) je uplat\u0148ovanie na\u0161ich pr\u00e1vnych n\u00e1rokov, napr\u00edklad prostredn\u00edctvom s\u00fadov, org\u00e1nov \u010dinn\u00fdch v trestnom konan\u00ed \u010di in\u00fdch org\u00e1nov verejnej moci. Pri tomto uplat\u0148ovan\u00ed m\u00f4\u017ee d\u00f4js\u0165 ku sprac\u00favaniu va\u0161ich osobn\u00fdch \u00fadajov.<br>Prev\u00e1dzkovatte\u013e m\u00e1 aj \u010fal\u0161\u00ed opr\u00e1vnen\u00fd z\u00e1ujem &#8211; propagova\u0165 svoju \u010dinnos\u0165. Pr\u00e1vnym z\u00e1kladom je ustanovenie GDPR \u010dl. 6, ods. 1, p\u00edsm. f).<\/p>\n\n\n\n<p><strong>4. Prenos osobn\u00fdch \u00fadajov<\/strong><br><br>Pri sprac\u00favan\u00ed va\u0161ich osobn\u00fdch \u00fadajov <strong>nedoch\u00e1dza<\/strong> ku prenosu va\u0161ich osobn\u00fdch \u00fadajov do tret\u00edch kraj\u00edn.<br><br><strong>Doch\u00e1dza<\/strong> ku prenosu va\u0161ich osobn\u00fdch \u00fadajov ku Sprostredkovate\u013eom, preto\u017ee pri v\u00fdkone na\u0161ej \u010dinnosti m\u00f4\u017eeme pou\u017e\u00edva\u0165 profesion\u00e1lne slu\u017eby vybran\u00fdch dod\u00e1vate\u013eov pre oblas\u0165 \u00fa\u010dtovn\u00edctva, pr\u00e1va, marketingu a in\u00fdch odborn\u00fdch \u010dinnost\u00ed.<br><br>Na\u0161i dod\u00e1vatelia boli pou\u010den\u00ed o va\u0161ich pr\u00e1vach dotknutej osoby a svojich povinostiach pri sprac\u00favan\u00ed va\u0161ich osobn\u00fdch \u00fadajov. Va\u0161e osobn\u00e9 \u00fadaje zdie\u013eame len v nevyhnutne nutnej miere a len v na \u00fazem\u00ed E\u00da. Bezpe\u010dnos\u0165 sprostredkovate\u013esk\u00fdch oper\u00e1ci\u00ed sme zabezpe\u010dili d\u00f4sledn\u00fdm v\u00fdberom dod\u00e1vate\u013esk\u00fdch subjektov, overen\u00edm ich sp\u00f4sobilosti ako odbornej,<br>tak aj v zmysle s\u00faladu so Z\u00e1konom 18\/ 2018 o ochrane osobn\u00fdch \u00fadajov. Podmienky prenosu, rozsah a sp\u00f4sob spracovate\u013esk\u00fdch \u010dinnost\u00ed s\u00fa definovan\u00e9 v Sprostredkovate\u013esk\u00fdch zmluv\u00e1ch a Pokynoch pre sprostredkovate\u013eov.<br><br><strong>Preh\u013ead Pr\u00edjemcov:&nbsp;<\/strong><br>V pr\u00edpade uplat\u0148ovania svojich z\u00e1konn\u00fdch n\u00e1rokov a pr\u00e1v m\u00f4\u017eeme prenies\u0165 osobn\u00e9 \u00fadaje<br>aj ku pr\u00edjemcom ako:<br>Da\u0148ov\u00fd \u00farad<br>Po\u0161tov\u00e9 in\u0161tit\u00facie<br>Advok\u00e1ti<br>Not\u00e1ri&nbsp;<br>S\u00fady<br>Exek\u00fatori<br>Org\u00e1ny \u010dinn\u00e9 v&nbsp;trestnom konan\u00ed<br>Org\u00e1ny verejnej moci v\u0161eobecne<\/p>\n\n\n\n<p><strong>5. Zodpovedn\u00e1 osoba<\/strong><br><br>Hlavn\u00e9 \u010dinnosti Prev\u00e1dzkovate\u013ea <strong>nevy\u017eaduj\u00fa<\/strong> pravideln\u00e9, systematick\u00e9 a rozsiahle monitorovanie jednotlivcov. Prev\u00e1dzkovate\u013e nemenoval zodpovedn\u00fa osobu.<\/p>\n\n\n\n<p><strong>6. Va\u0161e pr\u00e1va v s\u00favislosti s ochranou va\u0161ich osobn\u00fdch \u00fadajov<\/strong><br><br>Ako <strong>dotknut\u00e1 osoba m\u00e1te pr\u00e1vo <\/strong>od n\u00e1s ako od prev\u00e1dzkovate\u013ea vy\u017eadova\u0165:<br>inform\u00e1cie o stave sprac\u00favania svojich osobn\u00fdch \u00fadajov, opravu nespr\u00e1vnych, ne\u00fapln\u00fdch alebo neaktu\u00e1lnych osobn\u00fdch \u00fadajov, ktor\u00e9 s\u00fa predmetom sprac\u00favania, vymazanie a zabudnutie (nevz\u0165ahuje sa na spracovate\u013esk\u00e9 \u010dinnosti a \u00fadaje vymedzen\u00e9 z\u00e1konn\u00fdmi lehotami na v\u00fdmaz).<br><br>Svoje pr\u00e1va m\u00f4\u017eete uplatni\u0165 p\u00edsomne na adrese s\u00eddla prev\u00e1dzkovate\u013ea.<br><br>V\u0161etky opr\u00e1vnen\u00e9 po\u017eiadavky dotknutej osoby bud\u00fa vybaven\u00e9, a dotknut\u00e1 osoba bude o tom p\u00edsomne informovan\u00e1, do 30 dn\u00ed od ich prijatia. T\u00fdm nie je dotknut\u00e9 pr\u00e1vo dotknutej osoby poda\u0165 podnet na \u00darad pre ochranu osobn\u00fdch \u00fadajov.<br><br>\u00darad na ochranu osobn\u00fdch \u00fadajov SR<br>Budova Park One<br>N\u00e1mestie 1. m\u00e1ja 18<br>811 06 Bratislava<br><br>Platn\u00e9 od: 2.8.2021<\/p>\n","protected":false},"excerpt":{"rendered":"<p>Prev\u00e1dzkovate\u013eom webstr\u00e1nky http:\/\/www.dobrasmrt.sk\/ je spolo\u010dnos\u0165 Jana Gorst &#8211; Dula Du\u0161e, so s\u00eddlom 321 Hybe, 032 31 Hybe, Slovensko, IC\u030cO: 53992563, DIC\u030c: 1083106948 (d\u030calej len \u201cPrev\u00e1dzkovatel\u030c\u201d alebo \u201cSpoloc\u030cnost\u030c\u201d). Ako z\u00edskavame va\u0161e \u00fadajeVa\u0161e osobn\u00e9 \u00fadaje naj\u010dastej\u0161ie z\u00edskavame priamo od v\u00e1s tak, \u017ee n\u00e1s kontaktujete prostredn\u00edctvom kontaktn\u00e9ho formul\u00e1ra, pr\u00edpadne telefonicky \u010di e-mailom. \u00da\u010del Pr\u00e1vny z\u00e1klad Informa\u010dn\u00fd syst\u00e9m Kontakt [&hellip;]<\/p>\n","protected":false},"author":3,"featured_media":0,"parent":0,"menu_order":0,"comment_status":"closed","ping_status":"open","template":"","meta":{"footnotes":""},"class_list":["post-3","page","type-page","status-publish","hentry"],"jetpack_sharing_enabled":true,"_links":{"self":[{"href":"https:\/\/www.dobrasmrt.sk\/index.php?rest_route=\/wp\/v2\/pages\/3","targetHints":{"allow":["GET"]}}],"collection":[{"href":"https:\/\/www.dobrasmrt.sk\/index.php?rest_route=\/wp\/v2\/pages"}],"about":[{"href":"https:\/\/www.dobrasmrt.sk\/index.php?rest_route=\/wp\/v2\/types\/page"}],"author":[{"embeddable":true,"href":"https:\/\/www.dobrasmrt.sk\/index.php?rest_route=\/wp\/v2\/users\/3"}],"replies":[{"embeddable":true,"href":"https:\/\/www.dobrasmrt.sk\/index.php?rest_route=%2Fwp%2Fv2%2Fcomments&post=3"}],"version-history":[{"count":7,"href":"https:\/\/www.dobrasmrt.sk\/index.php?rest_route=\/wp\/v2\/pages\/3\/revisions"}],"predecessor-version":[{"id":949,"href":"https:\/\/www.dobrasmrt.sk\/index.php?rest_route=\/wp\/v2\/pages\/3\/revisions\/949"}],"wp:attachment":[{"href":"https:\/\/www.dobrasmrt.sk\/index.php?rest_route=%2Fwp%2Fv2%2Fmedia&parent=3"}],"curies":[{"name":"wp","href":"https:\/\/api.w.org\/{rel}","templated":true}]}}