{"id":226,"date":"2024-07-01T14:21:41","date_gmt":"2024-07-01T12:21:41","guid":{"rendered":"https:\/\/www.dobrasmrt.sk\/?page_id=226"},"modified":"2025-02-19T19:40:12","modified_gmt":"2025-02-19T18:40:12","slug":"o-mne","status":"publish","type":"page","link":"https:\/\/www.dobrasmrt.sk\/?page_id=226","title":{"rendered":"O mne"},"content":{"rendered":"\n<figure class=\"wp-block-image size-large\"><img loading=\"lazy\" decoding=\"async\" width=\"820\" height=\"1024\" src=\"https:\/\/www.dobrasmrt.sk\/wp-content\/uploads\/2024\/07\/Jana-Gorst-3-820x1024.jpg\" alt=\"\" class=\"wp-image-300\" srcset=\"https:\/\/www.dobrasmrt.sk\/wp-content\/uploads\/2024\/07\/Jana-Gorst-3-820x1024.jpg 820w, https:\/\/www.dobrasmrt.sk\/wp-content\/uploads\/2024\/07\/Jana-Gorst-3-240x300.jpg 240w, https:\/\/www.dobrasmrt.sk\/wp-content\/uploads\/2024\/07\/Jana-Gorst-3-768x959.jpg 768w, https:\/\/www.dobrasmrt.sk\/wp-content\/uploads\/2024\/07\/Jana-Gorst-3.jpg 873w\" sizes=\"auto, (max-width: 820px) 100vw, 820px\" \/><\/figure>\n\n\n\n<p>Som Jana Gorst.<br>\u017dena, matka, dula a v neposlednom rade aj zdravotn\u00edk.<\/p>\n\n\n\n<p>\u017dena, ktor\u00e1 vie dr\u017ea\u0165 priestor pre in\u00fdch, <br>pre obrovsk\u00fd \u017eia\u013e a neboj\u00ed sa hlbok\u00fdch prejavov a em\u00f3ci\u00ed.<br>Dula du\u0161e.<\/p>\n\n\n\n<p><br>\u017dena ktor\u00e1 vid\u00ed aj v najv\u00e4\u010d\u0161\u00edch emo\u010dn\u00fdch ba\u017ein\u00e1ch l\u00e1sku a svetlo.<br>Nepreber\u00e1 silu, ale podporuje cestu du\u0161e.<br>Som sprievodky\u0148a, nie guru.<br>Sprievodky\u0148a, ktor\u00e1 dr\u017e\u00ed druh\u00fdch a podporuje ich na ich ceste. <br>Pom\u00e1ha \u013eu\u010fom stava\u0165 sa do vlastnej sily.<br><br>Chcem prepoji\u0165 \u010do najviac bytost\u00ed, schopn\u00fdch dr\u017ea\u0165 priestor pre seba a aj pre in\u00fdch. <br>Chcem vytv\u00e1ra\u0165 komunitu, ktor\u00e1 vie by\u0165 oporou &#8211; jeden pre druh\u00e9ho. Vybera\u0165 to najlep\u0161ie z minulosti a u\u010desa\u0165 to do pr\u00edtomnosti. <br>Vych\u00e1dza\u0165 z vec\u00ed ktor\u00e9 funguj\u00fa st\u00e1ro\u010dia a prisp\u00f4sobi\u0165 ich na teraj\u0161iu dobu.<br>Chcem prinies\u0165 viac \u013eudskosti do zdravotn\u00edckeho ale aj do pohrebn\u00e9ho syst\u00e9mu.<\/p>\n\n\n\n<p>Moja v\u00edzia je prepoji\u0165 \u013eudskos\u0165 a profesionalitu. <br><br>Nech m\u00e1me ka\u017ed\u00fd na v\u00fdber ako chceme od\u00eds\u0165.<\/p>\n\n\n\n<p>Som zdravotn\u00e1 sestra s vy\u0161e 20 ro\u010dnou praxou. Najviac ma ovplyvnila hospicov\u00e1 starostlivos\u0165. <br>Paliat\u00edvna medic\u00edna a to ako prebieha na\u0161a posledn\u00e1 cesta ma fascinovali nato\u013eko, \u017ee som sa pod veden\u00edm Alexandry Derwen rozhodla pre pr\u00e1cu duly pre umieraj\u00facich.<\/p>\n\n\n\n<p>Po 16 rokoch str\u00e1ven\u00fdch na severe Anglicka som sa v lete 2019 vr\u00e1tila spolu so svojou rodinou na rodn\u00e9 Slovensko. V spolupr\u00e1ci s neziskovou organiz\u00e1ciou KOLOBEH \u017dIVOTA vznikol aj prv\u00fd kurz Duly pre umieraj\u00facich, ktor\u00fd spolo\u010dne od leta 2020 usporad\u00favame.<\/p>\n\n\n\n<p>Medzin\u00e1rodn\u00e9 spolupr\u00e1ce pestujem a rozv\u00edjam dodnes. Absolvovala som kurz &#8220;Death Walker&#8220; so Zenith Virago, s austr\u00e1lskou sprievodky\u0148ou umieraj\u00facich a na\u010falej spolupracujem s Alexandrou Derwen, <br>s ktorou som aj viedla spolo\u010dn\u00fd semin\u00e1r.<\/p>\n\n\n\n<p class=\"has-text-align-left\">\u010eal\u0161ia medzin\u00e1rodn\u00e1 spolupr\u00e1ca je s Janou Slav\u00ed\u010dkovou, <br>nielen \u00fa\u010dinkovan\u00edm na K smrti dobrom festivale, ale aj spolu lektorovan\u00edm <br>na semin\u00e1roch K smrti dobr\u00e1 cesta.<br>\u00daspe\u0161ne som zlo\u017eila sk\u00fa\u0161ku \u201e Poradce pro pozustal\u00e9 \u201e u PhDr. Mgr. Nade\u017edy \u0160patenkovej, Ph.D., MBA a Mgr.et Mgr. Drahom\u00edra \u0160ev\u010d\u00edka.<br>Pod hlavi\u010dkou IBS, PhDr. Karol\u00ednou Malo\u0148 Friedlovou, PhD. som absolvovala certifikovan\u00e9 kurzy Baz\u00e1lnej stimul\u00e1cie, level I a II.<br>Cez AVO oz Terapeutika, som dosiahla certifik\u00e1ciu Valida\u010dnej pracovn\u00ed\u010dky pod\u013ea Naomi Feil Level I.<\/p>\n\n\n\n<p>S dulou du\u0161e m\u00f4\u017eete prist\u00fapi\u0165 bez ob\u00e1v ku svojmu strachu a bolesti. Objavi\u0165 formy tr\u00fachlenia a objavi\u0165 pr\u00edle\u017eitosti na transform\u00e1ciu. Dula du\u0161e bude dr\u017ea\u0165 s vami priestor. Bude v\u00e1s sprev\u00e1dza\u0165 pri prekon\u00e1van\u00ed nezn\u00e1mej cesty.<\/p>\n\n\n\n<p>T\u00e1to webstr\u00e1nka je s\u00facitn\u00fdm priestorom, kde n\u00e1jdete konkr\u00e9tne rady, ale aj pr\u00edbehy a priestor na st\u00ed\u0161enie.<\/p>\n\n\n\n<p>Nev\u00e1hajte ma kedyko\u013evek oslovi\u0165, som tu pre V\u00e1s.<\/p>\n","protected":false},"excerpt":{"rendered":"<p>Som Jana Gorst.\u017dena, matka, dula a v neposlednom rade aj zdravotn\u00edk. \u017dena, ktor\u00e1 vie dr\u017ea\u0165 priestor pre in\u00fdch, pre obrovsk\u00fd \u017eia\u013e a neboj\u00ed sa hlbok\u00fdch prejavov a em\u00f3ci\u00ed.Dula du\u0161e. \u017dena ktor\u00e1 vid\u00ed aj v najv\u00e4\u010d\u0161\u00edch emo\u010dn\u00fdch ba\u017ein\u00e1ch l\u00e1sku a svetlo.Nepreber\u00e1 silu, ale podporuje cestu du\u0161e.Som sprievodky\u0148a, nie guru.Sprievodky\u0148a, ktor\u00e1 dr\u017e\u00ed druh\u00fdch a podporuje ich na [&hellip;]<\/p>\n","protected":false},"author":3,"featured_media":0,"parent":0,"menu_order":0,"comment_status":"closed","ping_status":"closed","template":"","meta":{"footnotes":""},"class_list":["post-226","page","type-page","status-publish","hentry"],"jetpack_sharing_enabled":true,"_links":{"self":[{"href":"https:\/\/www.dobrasmrt.sk\/index.php?rest_route=\/wp\/v2\/pages\/226","targetHints":{"allow":["GET"]}}],"collection":[{"href":"https:\/\/www.dobrasmrt.sk\/index.php?rest_route=\/wp\/v2\/pages"}],"about":[{"href":"https:\/\/www.dobrasmrt.sk\/index.php?rest_route=\/wp\/v2\/types\/page"}],"author":[{"embeddable":true,"href":"https:\/\/www.dobrasmrt.sk\/index.php?rest_route=\/wp\/v2\/users\/3"}],"replies":[{"embeddable":true,"href":"https:\/\/www.dobrasmrt.sk\/index.php?rest_route=%2Fwp%2Fv2%2Fcomments&post=226"}],"version-history":[{"count":6,"href":"https:\/\/www.dobrasmrt.sk\/index.php?rest_route=\/wp\/v2\/pages\/226\/revisions"}],"predecessor-version":[{"id":959,"href":"https:\/\/www.dobrasmrt.sk\/index.php?rest_route=\/wp\/v2\/pages\/226\/revisions\/959"}],"wp:attachment":[{"href":"https:\/\/www.dobrasmrt.sk\/index.php?rest_route=%2Fwp%2Fv2%2Fmedia&parent=226"}],"curies":[{"name":"wp","href":"https:\/\/api.w.org\/{rel}","templated":true}]}}